
{"id":13044,"date":"2024-09-18T10:19:58","date_gmt":"2024-09-18T08:19:58","guid":{"rendered":"https:\/\/konfigurator.adams.com.pl\/?post_type=product&#038;p=13044"},"modified":"2025-04-25T08:40:49","modified_gmt":"2025-04-25T06:40:49","slug":"passiv-line-s","status":"publish","type":"product","link":"https:\/\/konfigurator.adams.com.pl\/en\/sklep\/bez-kategorii\/passiv-line-s\/","title":{"rendered":"\ud835\udde3\ud835\uddd4\ud835\udde6\ud835\udde6\ud835\udddc\ud835\udde9-\ud835\udddf\ud835\udddc\ud835\udde1\ud835\uddd8 \ud835\udde6<br><br>\u2022 Six-chamber profile construction<br>\u2022 85 mm wide system<br>\u2022 Frame\/sash assembly Uf value of 0.89 W\/m\u00b2K<br>\u2022 Uw=0,76 W\/m\u00b2K<br>\u2022 Energy efficiency<br>\u2022 Lepsza izolacyjno\u015b\u0107 akustyczna<br>\u2022 Rolki samonastawne KoPiBo &#8211; \u0142atwa obs\u0142uga<br>\u2022 Security package <br>\u2022 80-month warranty"},"content":{"rendered":"<p><strong>WIndows Passiv-line S<\/strong><\/p>\n<p>A multifunctional window for the 21st century.\nThese windows are designed for use in residential buildings and public facilities where exceptional performance is required in terms of reducing heat energy consumption and CO\u2082 emissions, while simultaneously providing a high level of noise protection and the highest achievable security level for PVC-U constructions.\n\nOutstanding performance in thermal insulation, air permeability, acoustic insulation, and burglary resistance\u2014combined with maximum durability and mechanical strength\u2014makes Passiv-line S windows suitable for unrestricted use in urban areas, regardless of climate zone, wind load category, or terrain type.<\/p>\n<ul>\n<li>Six-chamber profile construction<\/li>\n<li>Energooszcz\u0119dno\u015b\u0107 &#8211; czyli znacznie zmniejszenie koszt\u00f3w ogrzewania<\/li>\n<li>Improved acoustic insulation thanks to a triple-seal system<\/li>\n<li>Rolki samonastawne KoPiBo &#8211; \u0142atwa obs\u0142uga<\/li>\n<li>Security package as standard<\/li>\n<li>\u2022 80 months warranty<\/li>\n<\/ul>","protected":false},"excerpt":{"rendered":"<p><strong>WIndows Passiv-line S<\/strong><\/p>\n<p>A multifunctional window for the 21st century.\nThese windows are designed for use in residential buildings and public facilities where exceptional performance is required in terms of reducing heat energy consumption and CO\u2082 emissions, while simultaneously providing a high level of noise protection and the highest achievable security level for PVC-U constructions.\n\nOutstanding performance in thermal insulation, air permeability, acoustic insulation, and burglary resistance\u2014combined with maximum durability and mechanical strength\u2014makes Passiv-line S windows suitable for unrestricted use in urban areas, regardless of climate zone, wind load category, or terrain type.<\/p>\n<ul>\n<li>Six-chamber profile construction<\/li>\n<li>Energooszcz\u0119dno\u015b\u0107 &#8211; czyli znacznie zmniejszenie koszt\u00f3w ogrzewania<\/li>\n<li>Improved acoustic insulation thanks to a triple-seal system<\/li>\n<li>Rolki samonastawne KoPiBo &#8211; \u0142atwa obs\u0142uga<\/li>\n<li>Security package as standard<\/li>\n<li>\u2022 80 months warranty<\/li>\n<\/ul>\n<p><strong>More information about the system can be found at the link below:<\/strong><\/p>\n<div class=\"wp-block-button\">\n<p><a class=\"wp-block-button__link wp-element-button\" href=\"https:\/\/adams.com.pl\/oferta\/okna-pvc\/okna-passiv-line\/passiv-line-s\" target=\"_blank\" rel=\"noopener\">PASSIV-LINE S<\/a> <a class=\"wp-block-button__link wp-element-button\" href=\"https:\/\/konfigurator.adams.com.pl\/wp-content\/uploads\/2025\/03\/passiv_line_s_prze-1.webp\" target=\"_blank\" rel=\"noopener\">TECHNICAL CROSS-SECTION<\/a><\/p>\n<p><iframe title=\"YouTube video player\" src=\"https:\/\/www.youtube.com\/embed\/sllzev8e8UU?si=90kBcMXwFwlaqYyg\" width=\"350\" height=\"190\" frameborder=\"0\" allowfullscreen=\"allowfullscreen\"><span data-mce-type=\"bookmark\" style=\"display: inline-block; width: 0px; overflow: hidden; line-height: 0;\" class=\"mce_SELRES_start\"><\/span> <iframe width=\"350\" height=\"190\" src=\"https:\/\/www.youtube.com\/embed\/CFuLOSpzD7A?si=Ix-oAbA4FGK0AboS\" title=\"YouTube video player\" frameborder=\"0\" allow=\"accelerometer; autoplay; clipboard-write; encrypted-media; gyroscope; picture-in-picture; web-share\" referrerpolicy=\"strict-origin-when-cross-origin\" allowfullscreen=\"allowfullscreen\"><\/iframe><\/iframe> <iframe title=\"YouTube video player\" src=\"https:\/\/www.youtube.com\/embed\/CFuLOSpzD7A?si=VFWHFwrarEigidyn\" width=\"350\" height=\"190\" frameborder=\"0\" allowfullscreen=\"allowfullscreen\"><\/iframe> <iframe title=\"YouTube video player\" src=\"https:\/\/www.youtube.com\/embed\/YNo4Ggdf3Eo?si=Dz0MjtjCfUSViEeO\" width=\"350\" height=\"190\" frameborder=\"0\" allowfullscreen=\"allowfullscreen\"><\/iframe><\/p>\n<\/div>","protected":false},"featured_media":14486,"template":"","meta":[],"product_cat":[15,144],"product_tag":[],"class_list":{"0":"post-13044","1":"product","2":"type-product","3":"status-publish","4":"has-post-thumbnail","6":"product_cat-bez-kategorii","7":"product_cat-okno","9":"first","10":"instock","11":"virtual","12":"purchasable","13":"product-type-simple"},"composite_virtual":false,"composite_layout":"","composite_add_to_cart_form_location":"","composite_editable_in_cart":false,"composite_sold_individually_context":"","composite_shop_price_calc":"","composite_components":[],"composite_scenarios":[],"bundled_by":[],"bundle_stock_status":"instock","bundle_stock_quantity":null,"bundle_virtual":false,"bundle_layout":"","bundle_add_to_cart_form_location":"","bundle_editable_in_cart":false,"bundle_sold_individually_context":"","bundle_item_grouping":"","bundle_min_size":"","bundle_max_size":"","bundle_price":[],"bundled_items":[],"bundle_sell_ids":[],"_links":{"self":[{"href":"https:\/\/konfigurator.adams.com.pl\/en\/wp-json\/wp\/v2\/product\/13044","targetHints":{"allow":["GET"]}}],"collection":[{"href":"https:\/\/konfigurator.adams.com.pl\/en\/wp-json\/wp\/v2\/product"}],"about":[{"href":"https:\/\/konfigurator.adams.com.pl\/en\/wp-json\/wp\/v2\/types\/product"}],"version-history":[{"count":33,"href":"https:\/\/konfigurator.adams.com.pl\/en\/wp-json\/wp\/v2\/product\/13044\/revisions"}],"predecessor-version":[{"id":17927,"href":"https:\/\/konfigurator.adams.com.pl\/en\/wp-json\/wp\/v2\/product\/13044\/revisions\/17927"}],"wp:featuredmedia":[{"embeddable":true,"href":"https:\/\/konfigurator.adams.com.pl\/en\/wp-json\/wp\/v2\/media\/14486"}],"wp:attachment":[{"href":"https:\/\/konfigurator.adams.com.pl\/en\/wp-json\/wp\/v2\/media?parent=13044"}],"wp:term":[{"taxonomy":"product_cat","embeddable":true,"href":"https:\/\/konfigurator.adams.com.pl\/en\/wp-json\/wp\/v2\/product_cat?post=13044"},{"taxonomy":"product_tag","embeddable":true,"href":"https:\/\/konfigurator.adams.com.pl\/en\/wp-json\/wp\/v2\/product_tag?post=13044"}],"curies":[{"name":"wp","href":"https:\/\/api.w.org\/{rel}","templated":true}]}}