
{"id":13078,"date":"2024-09-18T13:56:23","date_gmt":"2024-09-18T11:56:23","guid":{"rendered":"https:\/\/konfigurator.adams.com.pl\/?post_type=product&#038;p=13078"},"modified":"2025-04-14T10:07:57","modified_gmt":"2025-04-14T08:07:57","slug":"aluminiowa","status":"publish","type":"product","link":"https:\/\/konfigurator.adams.com.pl\/en\/sklep\/bez-kategorii\/aluminiowa\/","title":{"rendered":"STEEL"},"content":{"rendered":"","protected":false},"excerpt":{"rendered":"<p><strong>STEEL SPACER FRAME<\/strong>\u00a0A better alternative to the previously used aluminum spacer frame in insulated glass units.<\/p>\n<p>&#8211; Wytrzyma\u0142o\u015b\u0107 mechaniczna \u2013 stal jest bardzo odporna na odkszta\u0142cenia, co zapewnia stabilno\u015b\u0107 konstrukcji szyby zespolonej.<br \/>\n&#8211; Szczelno\u015b\u0107 \u2013 dobrze wsp\u00f3\u0142pracuje z uszczelnieniami, zapobiegaj\u0105c przenikaniu wilgoci i gaz\u00f3w do wn\u0119trza szyby.<br \/>\n&#8211; Dobra izolacyjno\u015b\u0107 akustyczna \u2013 t\u0142umi ha\u0142as lepiej ni\u017c niekt\u00f3re inne materia\u0142y stosowane w ramkach.<br \/>\n&#8211; Odporno\u015b\u0107 na korozj\u0119 \u2013 ramki stalowe maj\u0105 pow\u0142oki antykorozyjne, kt\u00f3re zwi\u0119kszaj\u0105 ich trwa\u0142o\u015b\u0107.<br \/>\n&#8211; Ni\u017csza izolacyjno\u015b\u0107 cieplna \u2013 stal przewodzi ciep\u0142o lepiej ni\u017c ramki wykonane z tworzyw sztucznych czy kompozyt\u00f3w, co mo\u017ce powodowa\u0107 wi\u0119ksze straty energii oraz ryzyko powstawania mostk\u00f3w termicznych.<br \/>\n&#8211; Koszt \u2013 stalowe ramki s\u0105 cz\u0119sto ta\u0144sze ni\u017c ramki ciep\u0142e wykonane np. z tworzyw sztucznych lub kompozyt\u00f3w.<br \/>\n&#8211; Je\u015bli zale\u017cy Ci na lepszej izolacyjno\u015bci termicznej, warto rozwa\u017cy\u0107 tzw. <strong>\"warm frame\"<\/strong> made from materials with lower thermal conductivity, e.g., plastic reinforced with glass fibers.<\/p>\n<p><img fetchpriority=\"high\" decoding=\"async\" class=\"\" src=\"https:\/\/konfigurator.adams.com.pl\/wp-content\/uploads\/2024\/11\/psi1.png\" width=\"799\" height=\"364\" \/><\/p>","protected":false},"featured_media":17447,"template":"","meta":[],"product_cat":[15],"product_tag":[],"class_list":{"0":"post-13078","1":"product","2":"type-product","3":"status-publish","4":"has-post-thumbnail","6":"product_cat-bez-kategorii","8":"first","9":"instock","10":"virtual","11":"purchasable","12":"product-type-simple"},"composite_virtual":false,"composite_layout":"","composite_add_to_cart_form_location":"","composite_editable_in_cart":false,"composite_sold_individually_context":"","composite_shop_price_calc":"","composite_components":[],"composite_scenarios":[],"bundled_by":[],"bundle_stock_status":"instock","bundle_stock_quantity":null,"bundle_virtual":false,"bundle_layout":"","bundle_add_to_cart_form_location":"","bundle_editable_in_cart":false,"bundle_sold_individually_context":"","bundle_item_grouping":"","bundle_min_size":"","bundle_max_size":"","bundle_price":[],"bundled_items":[],"bundle_sell_ids":[],"_links":{"self":[{"href":"https:\/\/konfigurator.adams.com.pl\/en\/wp-json\/wp\/v2\/product\/13078","targetHints":{"allow":["GET"]}}],"collection":[{"href":"https:\/\/konfigurator.adams.com.pl\/en\/wp-json\/wp\/v2\/product"}],"about":[{"href":"https:\/\/konfigurator.adams.com.pl\/en\/wp-json\/wp\/v2\/types\/product"}],"version-history":[{"count":11,"href":"https:\/\/konfigurator.adams.com.pl\/en\/wp-json\/wp\/v2\/product\/13078\/revisions"}],"predecessor-version":[{"id":17803,"href":"https:\/\/konfigurator.adams.com.pl\/en\/wp-json\/wp\/v2\/product\/13078\/revisions\/17803"}],"wp:featuredmedia":[{"embeddable":true,"href":"https:\/\/konfigurator.adams.com.pl\/en\/wp-json\/wp\/v2\/media\/17447"}],"wp:attachment":[{"href":"https:\/\/konfigurator.adams.com.pl\/en\/wp-json\/wp\/v2\/media?parent=13078"}],"wp:term":[{"taxonomy":"product_cat","embeddable":true,"href":"https:\/\/konfigurator.adams.com.pl\/en\/wp-json\/wp\/v2\/product_cat?post=13078"},{"taxonomy":"product_tag","embeddable":true,"href":"https:\/\/konfigurator.adams.com.pl\/en\/wp-json\/wp\/v2\/product_tag?post=13078"}],"curies":[{"name":"wp","href":"https:\/\/api.w.org\/{rel}","templated":true}]}}