
{"id":13518,"date":"2024-10-01T13:11:55","date_gmt":"2024-10-01T11:11:55","guid":{"rendered":"https:\/\/konfigurator.adams.com.pl\/?post_type=product&#038;p=13518"},"modified":"2025-03-21T09:34:34","modified_gmt":"2025-03-21T08:34:34","slug":"hst-passiv","status":"publish","type":"product","link":"https:\/\/konfigurator.adams.com.pl\/en\/sklep\/drzwi-tarasowe-balkonowe\/hst-passiv\/","title":{"rendered":"\ud835\udddb\ud835\udde6\ud835\udde7 \ud835\udde3\ud835\uddd4\ud835\udde6\ud835\udde6\ud835\udddc\ud835\udde9<br><br>\u2022 Highest level of airtightness and thermal insulation<br>\u2022 Sash depth 85mm (frame 197mm)<br>\u2022 Uw 0,74 W\/m\u00b2K<br>\u2022 Remote control option<br>\u2022 Possible large dimensions<br>\u2022 50 months warranty"},"content":{"rendered":"","protected":false},"excerpt":{"rendered":"<p><strong>HST PASSIV<\/strong><br><br><br \/>\n<strong>Lift-and-slide HST doors meet the three most desired criteria by customers:<\/strong><\/p>\n<p>&nbsp;<br \/>\n<strong>AIRTIGHTNESS<\/strong> \u2013 the system, based on a profile from the market-leading brand Aluplast, is one of the most airtight solutions in its class. During sealing tests, it achieved an excellent result \u2013 class 8A (450 Pa). Thanks to this, even during the most extreme weather conditions, the HST Passiv performs its function exceptionally well.<\/p>\n<p><strong>THERMAL INSULATION<\/strong> \u2013 by using deep sash installation, we can apply highly insulating glass packages (Ug 0.5 or 0.6 W\/m\u00b2K), which provide excellent thermal insulation. Depending on your needs, to achieve the lowest possible Uw value suitable for passive and zero-energy homes, we recommend choosing a solution based on the HST Passiv system.<\/p>\n<p><strong>LARGE DIMENSIONS<\/strong> \u2013 HST Basic and HST Passiv also meet another growing demand in the construction market by allowing the production of windows in this class with maximum dimensions of up to 6000 mm in width and 2500 mm in height. Thanks to our modern machinery, we can offer the fabrication of these windows in any available color, regardless of the window system you choose from our range.<\/p>\n<p><strong>Lift-and-slide doors<\/strong>HST lift-and-slide doors are available in several different configurations, with various arrangements of operable and fixed panels.<\/p>\n<p><strong>HST PASSIV z ciep\u0142\u0105 ramk\u0105 ULTRA &#8211; 3400 x 2400 mm = 0,74 W\/m\u00b2K dla szyby Ug=0,5<\/strong><\/p>\n<p><strong>More information at the link below:<\/strong><br \/>\n<!-- wp:button --><\/p>\n<div class=\"wp-block-button\"><a class=\"wp-block-button__link wp-element-button\" href=\"https:\/\/adams.com.pl\/oferta\/drzwi-tarasowe-balkonowe\/hst-passiv\" target=\"_blank\" rel=\"noopener\">HST PASSIV<\/a> <a class=\"wp-block-button__link wp-element-button\" href=\"https:\/\/adams.com.pl\/wp-content\/uploads\/2024\/07\/HST-PASSIV-scaled.jpg\" target=\"_blank\" rel=\"noopener\">TECHNICAL CROSS-SECTION<\/a> <a class=\"wp-block-button__link wp-element-button\" href=\"https:\/\/adams.com.pl\/wp-content\/uploads\/2023\/11\/HST-2024.pdf\" target=\"_blank\" rel=\"noopener\">LEAFLET<\/a><br \/>\n<!-- \/wp:button --><\/div>\n<p><!-- \/wp:buttons --><\/p>","protected":false},"featured_media":14213,"template":"","meta":[],"product_cat":[45],"product_tag":[],"class_list":{"0":"post-13518","1":"product","2":"type-product","3":"status-publish","4":"has-post-thumbnail","6":"product_cat-drzwi-tarasowe-balkonowe","8":"first","9":"instock","10":"virtual","11":"purchasable","12":"product-type-simple"},"composite_virtual":false,"composite_layout":"","composite_add_to_cart_form_location":"","composite_editable_in_cart":false,"composite_sold_individually_context":"","composite_shop_price_calc":"","composite_components":[],"composite_scenarios":[],"bundled_by":[],"bundle_stock_status":"instock","bundle_stock_quantity":null,"bundle_virtual":false,"bundle_layout":"","bundle_add_to_cart_form_location":"","bundle_editable_in_cart":false,"bundle_sold_individually_context":"","bundle_item_grouping":"","bundle_min_size":"","bundle_max_size":"","bundle_price":[],"bundled_items":[],"bundle_sell_ids":[],"_links":{"self":[{"href":"https:\/\/konfigurator.adams.com.pl\/en\/wp-json\/wp\/v2\/product\/13518","targetHints":{"allow":["GET"]}}],"collection":[{"href":"https:\/\/konfigurator.adams.com.pl\/en\/wp-json\/wp\/v2\/product"}],"about":[{"href":"https:\/\/konfigurator.adams.com.pl\/en\/wp-json\/wp\/v2\/types\/product"}],"version-history":[{"count":11,"href":"https:\/\/konfigurator.adams.com.pl\/en\/wp-json\/wp\/v2\/product\/13518\/revisions"}],"predecessor-version":[{"id":17531,"href":"https:\/\/konfigurator.adams.com.pl\/en\/wp-json\/wp\/v2\/product\/13518\/revisions\/17531"}],"wp:featuredmedia":[{"embeddable":true,"href":"https:\/\/konfigurator.adams.com.pl\/en\/wp-json\/wp\/v2\/media\/14213"}],"wp:attachment":[{"href":"https:\/\/konfigurator.adams.com.pl\/en\/wp-json\/wp\/v2\/media?parent=13518"}],"wp:term":[{"taxonomy":"product_cat","embeddable":true,"href":"https:\/\/konfigurator.adams.com.pl\/en\/wp-json\/wp\/v2\/product_cat?post=13518"},{"taxonomy":"product_tag","embeddable":true,"href":"https:\/\/konfigurator.adams.com.pl\/en\/wp-json\/wp\/v2\/product_tag?post=13518"}],"curies":[{"name":"wp","href":"https:\/\/api.w.org\/{rel}","templated":true}]}}