
{"id":16774,"date":"2025-02-06T11:24:02","date_gmt":"2025-02-06T10:24:02","guid":{"rendered":"https:\/\/konfigurator.adams.com.pl\/?post_type=product&#038;p=16774"},"modified":"2025-02-06T14:02:23","modified_gmt":"2025-02-06T13:02:23","slug":"modern-line","status":"publish","type":"product","link":"https:\/\/konfigurator.adams.com.pl\/en\/sklep\/linie-paneli\/modern-line\/","title":{"rendered":"\ud835\udde0\ud835\udde2\ud835\uddd7\ud835\uddd8\ud835\udde5\ud835\udde1 \ud835\udddf\ud835\udddc\ud835\udde1\ud835\uddd8"},"content":{"rendered":"","protected":false},"excerpt":{"rendered":"<p>Seri\u0119 tworz\u0105 modele wzbogacone o dekory z naturalnego drewna (modele ML &#8211; 09 do ML &#8211; 14) lub pionowe lamele wykonane z aluminiowych profili (modele ML &#8211; 01 do ML &#8211; 08)<\/p>\n<p>Grubo\u015bci wype\u0142nie\u0144 nak\u0142adkowych s\u0105 dopasowane do grubo\u015bci najpopularniejszych<br \/>\nsystem\u00f3w profilowych.<\/p>\n<p>Kolorystyka<br \/>\nElementy drewniane w modelach ML-09, ML-10, ML-11, ML-12, ML-13, ML-14 mog\u0105 by\u0107 w jednym z 6 kolor\u00f3w: Natural Oak, Brendy Oak, Amaranth Oak, Whisky Oak, Straw Oak, Honey Oak.<\/p>\n<p>Z kolei lamele mog\u0105 by\u0107 malowane w kolorach RAL b\u0105d\u017a imitowa\u0107 ok\u0142adzin\u0119 drewnopodobn\u0105.<\/p>","protected":false},"featured_media":16775,"template":"","meta":[],"product_cat":[134],"product_tag":[],"class_list":{"0":"post-16774","1":"product","2":"type-product","3":"status-publish","4":"has-post-thumbnail","6":"product_cat-linie-paneli","8":"first","9":"instock","10":"virtual","11":"purchasable","12":"product-type-simple"},"composite_virtual":false,"composite_layout":"","composite_add_to_cart_form_location":"","composite_editable_in_cart":false,"composite_sold_individually_context":"","composite_shop_price_calc":"","composite_components":[],"composite_scenarios":[],"bundled_by":[],"bundle_stock_status":"instock","bundle_stock_quantity":null,"bundle_virtual":false,"bundle_layout":"","bundle_add_to_cart_form_location":"","bundle_editable_in_cart":false,"bundle_sold_individually_context":"","bundle_item_grouping":"","bundle_min_size":"","bundle_max_size":"","bundle_price":[],"bundled_items":[],"bundle_sell_ids":[],"_links":{"self":[{"href":"https:\/\/konfigurator.adams.com.pl\/en\/wp-json\/wp\/v2\/product\/16774","targetHints":{"allow":["GET"]}}],"collection":[{"href":"https:\/\/konfigurator.adams.com.pl\/en\/wp-json\/wp\/v2\/product"}],"about":[{"href":"https:\/\/konfigurator.adams.com.pl\/en\/wp-json\/wp\/v2\/types\/product"}],"version-history":[{"count":3,"href":"https:\/\/konfigurator.adams.com.pl\/en\/wp-json\/wp\/v2\/product\/16774\/revisions"}],"predecessor-version":[{"id":16778,"href":"https:\/\/konfigurator.adams.com.pl\/en\/wp-json\/wp\/v2\/product\/16774\/revisions\/16778"}],"wp:featuredmedia":[{"embeddable":true,"href":"https:\/\/konfigurator.adams.com.pl\/en\/wp-json\/wp\/v2\/media\/16775"}],"wp:attachment":[{"href":"https:\/\/konfigurator.adams.com.pl\/en\/wp-json\/wp\/v2\/media?parent=16774"}],"wp:term":[{"taxonomy":"product_cat","embeddable":true,"href":"https:\/\/konfigurator.adams.com.pl\/en\/wp-json\/wp\/v2\/product_cat?post=16774"},{"taxonomy":"product_tag","embeddable":true,"href":"https:\/\/konfigurator.adams.com.pl\/en\/wp-json\/wp\/v2\/product_tag?post=16774"}],"curies":[{"name":"wp","href":"https:\/\/api.w.org\/{rel}","templated":true}]}}